{"id":28441,"date":"2026-04-13T17:24:54","date_gmt":"2026-04-13T15:24:54","guid":{"rendered":"https:\/\/phono.shop\/product\/on-vegetables-modern-recipes-for-the-home-kitchen\/"},"modified":"2026-04-13T17:24:55","modified_gmt":"2026-04-13T15:24:55","slug":"on-vegetables-modern-recipes-for-the-home-kitchen","status":"publish","type":"product","link":"https:\/\/phono.shop\/en\/product\/on-vegetables-modern-recipes-for-the-home-kitchen\/","title":{"rendered":"On Vegetables: Modern Recipes for the Home Kitchen"},"content":{"rendered":"<p>\u201eOn Vegetables: Modern Recipes for the Home Kitchen\u201c \u2013 \u0161iuolaikin\u0117s dar\u017eovi\u0173 virtuv\u0117s knyga, kurioje pateikiama daugiau nei 160 recept\u0173 nam\u0173 gaminimui.<\/p>\n<p>Autorius Jeremy Fox pristato ingredientais paremt\u0105 po\u017ei\u016br\u012f \u012f virtuv\u0119, kur dar\u017eov\u0117s tampa pagrindiniu patiekalo akcentu. Receptuose naudojami netik\u0117ti deriniai ir k\u016brybi\u0161kos technikos.<\/p>\n<p>Knyga neapsiriboja vien receptais \u2013 joje pateikiami ir pagrindai apie produkt\u0173 paruo\u0161im\u0105, sand\u0117liavim\u0105 bei darb\u0105 su sezoniniais ingredientais. Tai leidinys, kei\u010dantis po\u017ei\u016br\u012f \u012f augalin\u0119 virtuv\u0119.<\/p>","protected":false},"excerpt":{"rendered":"<p>\u201eOn Vegetables: Modern Recipes for the Home Kitchen\u201c \u2013 \u0161iuolaikin\u0117s dar\u017eovi\u0173 virtuv\u0117s knyga, kurioje pateikiama daugiau nei 160 recept\u0173 nam\u0173 gaminimui. Autorius Jeremy Fox pristato ingredientais paremt\u0105 po\u017ei\u016br\u012f \u012f virtuv\u0119, kur dar\u017eov\u0117s tampa pagrindiniu patiekalo akcentu. Receptuose naudojami netik\u0117ti deriniai ir k\u016brybi\u0161kos technikos. Knyga neapsiriboja vien receptais \u2013 joje pateikiami ir pagrindai apie produkt\u0173 paruo\u0161im\u0105, &hellip; <a href=\"https:\/\/phono.shop\/en\/product\/on-vegetables-modern-recipes-for-the-home-kitchen\/\">Continued<\/a><\/p>","protected":false},"featured_media":28574,"template":"","meta":{"_acf_changed":false},"product_brand":[],"product_cat":[134,324],"product_tag":[330],"class_list":{"0":"post-28441","1":"product","2":"type-product","3":"status-publish","4":"has-post-thumbnail","6":"product_cat-knygos","7":"product_cat-phaidon","8":"product_tag-phaidon","9":"product_shipping_class-mazas-svoris","11":"first","12":"instock","13":"taxable","14":"shipping-taxable","15":"purchasable","16":"product-type-simple"},"bundled_by":[],"bundle_stock_status":"instock","bundle_stock_quantity":4,"bundle_virtual":false,"bundle_layout":"","bundle_add_to_cart_form_location":"","bundle_editable_in_cart":false,"bundle_sold_individually_context":"","bundle_item_grouping":"","bundle_min_size":"","bundle_max_size":"","bundle_price":[],"bundled_items":[],"bundle_sell_ids":[],"acf":[],"_links":{"self":[{"href":"https:\/\/phono.shop\/en\/wp-json\/wp\/v2\/product\/28441","targetHints":{"allow":["GET"]}}],"collection":[{"href":"https:\/\/phono.shop\/en\/wp-json\/wp\/v2\/product"}],"about":[{"href":"https:\/\/phono.shop\/en\/wp-json\/wp\/v2\/types\/product"}],"wp:featuredmedia":[{"embeddable":true,"href":"https:\/\/phono.shop\/en\/wp-json\/wp\/v2\/media\/28574"}],"wp:attachment":[{"href":"https:\/\/phono.shop\/en\/wp-json\/wp\/v2\/media?parent=28441"}],"wp:term":[{"taxonomy":"product_brand","embeddable":true,"href":"https:\/\/phono.shop\/en\/wp-json\/wp\/v2\/product_brand?post=28441"},{"taxonomy":"product_cat","embeddable":true,"href":"https:\/\/phono.shop\/en\/wp-json\/wp\/v2\/product_cat?post=28441"},{"taxonomy":"product_tag","embeddable":true,"href":"https:\/\/phono.shop\/en\/wp-json\/wp\/v2\/product_tag?post=28441"}],"curies":[{"name":"wp","href":"https:\/\/api.w.org\/{rel}","templated":true}]}}