{"id":28442,"date":"2026-04-13T17:24:55","date_gmt":"2026-04-13T15:24:55","guid":{"rendered":"https:\/\/phono.shop\/product\/japan-the-vegetarian-cookbook\/"},"modified":"2026-04-13T17:25:00","modified_gmt":"2026-04-13T15:25:00","slug":"japan-the-vegetarian-cookbook","status":"publish","type":"product","link":"https:\/\/phono.shop\/en\/product\/japan-the-vegetarian-cookbook\/","title":{"rendered":"Japan: The Vegetarian Cookbook"},"content":{"rendered":"<p>\u201eJapan: The Vegetarian Cookbook\u201c \u2013 i\u0161samus japoni\u0161kos augalin\u0117s virtuv\u0117s leidinys, kuriame pateikiama daugiau nei 250 recept\u0173 nam\u0173 gaminimui.<\/p>\n<p>Autor\u0117 Nancy Singleton Hachisu pristato japoni\u0161kos virtuv\u0117s po\u017ei\u016br\u012f \u012f dar\u017eoves \u2013 sezoni\u0161kum\u0105, paprastum\u0105 ir pagarb\u0105 ingredientui. Receptai suskirstyti pagal gaminimo b\u016bdus ir papildyti paai\u0161kinimais apie ingredientus bei technikas.<\/p>\n<p>Tai knyga, sujungianti tradicij\u0105 ir \u0161iuolaikin\u012f po\u017ei\u016br\u012f \u012f augalin\u0119 mityb\u0105, skirta tiek norintiems pa\u017einti japoni\u0161k\u0105 virtuv\u0119, tiek ie\u0161kantiems nauj\u0173 skoni\u0173 kasdien\u0117je virtuv\u0117je.<\/p>","protected":false},"excerpt":{"rendered":"<p>\u201eJapan: The Vegetarian Cookbook\u201c \u2013 i\u0161samus japoni\u0161kos augalin\u0117s virtuv\u0117s leidinys, kuriame pateikiama daugiau nei 250 recept\u0173 nam\u0173 gaminimui. Autor\u0117 Nancy Singleton Hachisu pristato japoni\u0161kos virtuv\u0117s po\u017ei\u016br\u012f \u012f dar\u017eoves \u2013 sezoni\u0161kum\u0105, paprastum\u0105 ir pagarb\u0105 ingredientui. Receptai suskirstyti pagal gaminimo b\u016bdus ir papildyti paai\u0161kinimais apie ingredientus bei technikas. Tai knyga, sujungianti tradicij\u0105 ir \u0161iuolaikin\u012f po\u017ei\u016br\u012f \u012f augalin\u0119 &hellip; <a href=\"https:\/\/phono.shop\/en\/product\/japan-the-vegetarian-cookbook\/\">Continued<\/a><\/p>","protected":false},"featured_media":28563,"template":"","meta":{"_acf_changed":false},"product_brand":[],"product_cat":[134,324],"product_tag":[330],"class_list":{"0":"post-28442","1":"product","2":"type-product","3":"status-publish","4":"has-post-thumbnail","6":"product_cat-knygos","7":"product_cat-phaidon","8":"product_tag-phaidon","9":"product_shipping_class-mazas-svoris","11":"first","12":"instock","13":"taxable","14":"shipping-taxable","15":"purchasable","16":"product-type-simple"},"bundled_by":[],"bundle_stock_status":"instock","bundle_stock_quantity":2,"bundle_virtual":false,"bundle_layout":"","bundle_add_to_cart_form_location":"","bundle_editable_in_cart":false,"bundle_sold_individually_context":"","bundle_item_grouping":"","bundle_min_size":"","bundle_max_size":"","bundle_price":[],"bundled_items":[],"bundle_sell_ids":[],"acf":[],"_links":{"self":[{"href":"https:\/\/phono.shop\/en\/wp-json\/wp\/v2\/product\/28442","targetHints":{"allow":["GET"]}}],"collection":[{"href":"https:\/\/phono.shop\/en\/wp-json\/wp\/v2\/product"}],"about":[{"href":"https:\/\/phono.shop\/en\/wp-json\/wp\/v2\/types\/product"}],"wp:featuredmedia":[{"embeddable":true,"href":"https:\/\/phono.shop\/en\/wp-json\/wp\/v2\/media\/28563"}],"wp:attachment":[{"href":"https:\/\/phono.shop\/en\/wp-json\/wp\/v2\/media?parent=28442"}],"wp:term":[{"taxonomy":"product_brand","embeddable":true,"href":"https:\/\/phono.shop\/en\/wp-json\/wp\/v2\/product_brand?post=28442"},{"taxonomy":"product_cat","embeddable":true,"href":"https:\/\/phono.shop\/en\/wp-json\/wp\/v2\/product_cat?post=28442"},{"taxonomy":"product_tag","embeddable":true,"href":"https:\/\/phono.shop\/en\/wp-json\/wp\/v2\/product_tag?post=28442"}],"curies":[{"name":"wp","href":"https:\/\/api.w.org\/{rel}","templated":true}]}}