{"id":28443,"date":"2026-04-13T17:24:49","date_gmt":"2026-04-13T15:24:49","guid":{"rendered":"https:\/\/phono.shop\/product\/the-mexican-vegetarian-cookbook-400-authentic-everyday-recipes-for-the-home-cook\/"},"modified":"2026-04-13T17:24:54","modified_gmt":"2026-04-13T15:24:54","slug":"the-mexican-vegetarian-cookbook-400-authentic-everyday-recipes-for-the-home-cook","status":"publish","type":"product","link":"https:\/\/phono.shop\/en\/product\/the-mexican-vegetarian-cookbook-400-authentic-everyday-recipes-for-the-home-cook\/","title":{"rendered":"The Mexican Vegetarian Cookbook"},"content":{"rendered":"<p>\u201eThe Mexican Vegetarian Cookbook\u201c \u2013 i\u0161samus meksikieti\u0161kos augalin\u0117s virtuv\u0117s leidinys, kuriame pateikiama daugiau nei 400 autenti\u0161k\u0173 recept\u0173 nam\u0173 gaminimui.<\/p>\n<p>Autor\u0117 Margarita Carrillo Arronte atskleid\u017eia, kad dar\u017eov\u0117s yra esmin\u0117 Meksikos kulinarin\u0117s tradicijos dalis. Receptuose naudojami kukur\u016bzai, pupel\u0117s, prieskoniai ir gausi vietini\u0173 augalini\u0173 ingredient\u0173 \u012fvairov\u0117.<\/p>\n<p>Knyga apima vis\u0105 kasdien\u0117s virtuv\u0117s spektr\u0105 \u2013 nuo pusry\u010di\u0173 iki desert\u0173. Tai leidinys, leid\u017eiantis pa\u017einti tikr\u0105j\u0105 meksikieti\u0161k\u0105 virtuv\u0119 per jos augalin\u0119 pus\u0119.<\/p>","protected":false},"excerpt":{"rendered":"<p>\u201eThe Mexican Vegetarian Cookbook\u201c \u2013 i\u0161samus meksikieti\u0161kos augalin\u0117s virtuv\u0117s leidinys, kuriame pateikiama daugiau nei 400 autenti\u0161k\u0173 recept\u0173 nam\u0173 gaminimui. Autor\u0117 Margarita Carrillo Arronte atskleid\u017eia, kad dar\u017eov\u0117s yra esmin\u0117 Meksikos kulinarin\u0117s tradicijos dalis. Receptuose naudojami kukur\u016bzai, pupel\u0117s, prieskoniai ir gausi vietini\u0173 augalini\u0173 ingredient\u0173 \u012fvairov\u0117. Knyga apima vis\u0105 kasdien\u0117s virtuv\u0117s spektr\u0105 \u2013 nuo pusry\u010di\u0173 iki desert\u0173. Tai &hellip; <a href=\"https:\/\/phono.shop\/en\/product\/the-mexican-vegetarian-cookbook-400-authentic-everyday-recipes-for-the-home-cook\/\">Continued<\/a><\/p>","protected":false},"featured_media":28590,"template":"","meta":{"_acf_changed":false},"product_brand":[],"product_cat":[134,324],"product_tag":[330],"class_list":{"0":"post-28443","1":"product","2":"type-product","3":"status-publish","4":"has-post-thumbnail","6":"product_cat-knygos","7":"product_cat-phaidon","8":"product_tag-phaidon","9":"product_shipping_class-mazas-svoris","11":"first","12":"instock","13":"taxable","14":"shipping-taxable","15":"purchasable","16":"product-type-simple"},"bundled_by":[],"bundle_stock_status":"instock","bundle_stock_quantity":3,"bundle_virtual":false,"bundle_layout":"","bundle_add_to_cart_form_location":"","bundle_editable_in_cart":false,"bundle_sold_individually_context":"","bundle_item_grouping":"","bundle_min_size":"","bundle_max_size":"","bundle_price":[],"bundled_items":[],"bundle_sell_ids":[],"acf":[],"_links":{"self":[{"href":"https:\/\/phono.shop\/en\/wp-json\/wp\/v2\/product\/28443","targetHints":{"allow":["GET"]}}],"collection":[{"href":"https:\/\/phono.shop\/en\/wp-json\/wp\/v2\/product"}],"about":[{"href":"https:\/\/phono.shop\/en\/wp-json\/wp\/v2\/types\/product"}],"wp:featuredmedia":[{"embeddable":true,"href":"https:\/\/phono.shop\/en\/wp-json\/wp\/v2\/media\/28590"}],"wp:attachment":[{"href":"https:\/\/phono.shop\/en\/wp-json\/wp\/v2\/media?parent=28443"}],"wp:term":[{"taxonomy":"product_brand","embeddable":true,"href":"https:\/\/phono.shop\/en\/wp-json\/wp\/v2\/product_brand?post=28443"},{"taxonomy":"product_cat","embeddable":true,"href":"https:\/\/phono.shop\/en\/wp-json\/wp\/v2\/product_cat?post=28443"},{"taxonomy":"product_tag","embeddable":true,"href":"https:\/\/phono.shop\/en\/wp-json\/wp\/v2\/product_tag?post=28443"}],"curies":[{"name":"wp","href":"https:\/\/api.w.org\/{rel}","templated":true}]}}