{"id":28444,"date":"2026-04-13T17:24:44","date_gmt":"2026-04-13T15:24:44","guid":{"rendered":"https:\/\/phono.shop\/product\/thailand-the-cookbook\/"},"modified":"2026-04-13T17:24:49","modified_gmt":"2026-04-13T15:24:49","slug":"thailand-the-cookbook","status":"publish","type":"product","link":"https:\/\/phono.shop\/en\/product\/thailand-the-cookbook\/","title":{"rendered":"Thailand: The Cookbook"},"content":{"rendered":"<p>\u201eThailand: The Cookbook\u201c \u2013 vienas i\u0161samiausi\u0173 leidini\u0173 apie tailandieti\u0161k\u0105 virtuv\u0119, apimantis daugiau nei 500 autenti\u0161k\u0173 recept\u0173.<\/p>\n<p>Autorius Jean-Pierre Gabriel trejus metus keliavo po visus Tailando regionus, rinkdamas receptus i\u0161 vietini\u0173 nam\u0173, turg\u0173 ir restoran\u0173. Knygoje pristatomi tiek gerai \u017einomi, tiek ma\u017eiau atrasti regioniniai patiekalai.<\/p>\n<p>Be recept\u0173, leidinyje pateikiama \u012f\u017evalg\u0173 apie ingredientus, gaminimo technikas ir regioninius skirtumus. Tai ne tik recept\u0173 rinkinys, bet ir i\u0161samus \u012fvadas \u012f Tailando kulinarin\u012f pasaul\u012f.<\/p>","protected":false},"excerpt":{"rendered":"<p>\u201eThailand: The Cookbook\u201c \u2013 vienas i\u0161samiausi\u0173 leidini\u0173 apie tailandieti\u0161k\u0105 virtuv\u0119, apimantis daugiau nei 500 autenti\u0161k\u0173 recept\u0173. Autorius Jean-Pierre Gabriel trejus metus keliavo po visus Tailando regionus, rinkdamas receptus i\u0161 vietini\u0173 nam\u0173, turg\u0173 ir restoran\u0173. Knygoje pristatomi tiek gerai \u017einomi, tiek ma\u017eiau atrasti regioniniai patiekalai. Be recept\u0173, leidinyje pateikiama \u012f\u017evalg\u0173 apie ingredientus, gaminimo technikas ir regioninius &hellip; <a href=\"https:\/\/phono.shop\/en\/product\/thailand-the-cookbook\/\">Continued<\/a><\/p>","protected":false},"featured_media":28597,"template":"","meta":{"_acf_changed":false},"product_brand":[],"product_cat":[134,324],"product_tag":[330],"class_list":{"0":"post-28444","1":"product","2":"type-product","3":"status-publish","4":"has-post-thumbnail","6":"product_cat-knygos","7":"product_cat-phaidon","8":"product_tag-phaidon","9":"product_shipping_class-mazas-svoris","11":"first","12":"instock","13":"taxable","14":"shipping-taxable","15":"purchasable","16":"product-type-simple"},"bundled_by":[],"bundle_stock_status":"instock","bundle_stock_quantity":4,"bundle_virtual":false,"bundle_layout":"","bundle_add_to_cart_form_location":"","bundle_editable_in_cart":false,"bundle_sold_individually_context":"","bundle_item_grouping":"","bundle_min_size":"","bundle_max_size":"","bundle_price":[],"bundled_items":[],"bundle_sell_ids":[],"acf":[],"_links":{"self":[{"href":"https:\/\/phono.shop\/en\/wp-json\/wp\/v2\/product\/28444","targetHints":{"allow":["GET"]}}],"collection":[{"href":"https:\/\/phono.shop\/en\/wp-json\/wp\/v2\/product"}],"about":[{"href":"https:\/\/phono.shop\/en\/wp-json\/wp\/v2\/types\/product"}],"wp:featuredmedia":[{"embeddable":true,"href":"https:\/\/phono.shop\/en\/wp-json\/wp\/v2\/media\/28597"}],"wp:attachment":[{"href":"https:\/\/phono.shop\/en\/wp-json\/wp\/v2\/media?parent=28444"}],"wp:term":[{"taxonomy":"product_brand","embeddable":true,"href":"https:\/\/phono.shop\/en\/wp-json\/wp\/v2\/product_brand?post=28444"},{"taxonomy":"product_cat","embeddable":true,"href":"https:\/\/phono.shop\/en\/wp-json\/wp\/v2\/product_cat?post=28444"},{"taxonomy":"product_tag","embeddable":true,"href":"https:\/\/phono.shop\/en\/wp-json\/wp\/v2\/product_tag?post=28444"}],"curies":[{"name":"wp","href":"https:\/\/api.w.org\/{rel}","templated":true}]}}