{"id":28445,"date":"2026-04-13T17:24:43","date_gmt":"2026-04-13T15:24:43","guid":{"rendered":"https:\/\/phono.shop\/product\/the-silver-spoon-for-children-favourite-italian-recipes\/"},"modified":"2026-05-07T14:53:09","modified_gmt":"2026-05-07T12:53:09","slug":"the-silver-spoon-for-children-favourite-italian-recipes","status":"publish","type":"product","link":"https:\/\/phono.shop\/en\/product\/the-silver-spoon-for-children-favourite-italian-recipes\/","title":{"rendered":"The Silver Spoon for Children"},"content":{"rendered":"<p>\u201eThe Silver Spoon for Children: Favourite Italian Recipes\u201c \u2013 vaikams pritaikyta klasikin\u0117s itali\u0161kos virtuv\u0117s knyga, sukurta remiantis vienu \u017einomiausi\u0173 kulinarini\u0173 leidini\u0173 pasaulyje.<\/p>\n<p>Leidinys pristato paprastus, subalansuotus ir lengvai pagaminamus receptus, specialiai atrinktus pagal vaik\u0173 galimybes ir supratim\u0105. Visi receptai ai\u0161kiai i\u0161d\u0117styti \u017eingsnis po \u017eingsnio ir papildyti iliustracijomis.<\/p>\n<p>Tai ne tik recept\u0173 knyga, bet ir pirmasis \u012fvadas \u012f maisto gaminim\u0105, skatinantis k\u016brybi\u0161kum\u0105, savaranki\u0161kum\u0105 ir \u0161eimos laik\u0105 virtuv\u0117je.<\/p>","protected":false},"excerpt":{"rendered":"<p>\u201eThe Silver Spoon for Children: Favourite Italian Recipes\u201c \u2013 vaikams pritaikyta klasikin\u0117s itali\u0161kos virtuv\u0117s knyga, sukurta remiantis vienu \u017einomiausi\u0173 kulinarini\u0173 leidini\u0173 pasaulyje. Leidinys pristato paprastus, subalansuotus ir lengvai pagaminamus receptus, specialiai atrinktus pagal vaik\u0173 galimybes ir supratim\u0105. Visi receptai ai\u0161kiai i\u0161d\u0117styti \u017eingsnis po \u017eingsnio ir papildyti iliustracijomis. Tai ne tik recept\u0173 knyga, bet ir pirmasis &hellip; <a href=\"https:\/\/phono.shop\/en\/product\/the-silver-spoon-for-children-favourite-italian-recipes\/\">Continued<\/a><\/p>","protected":false},"featured_media":28606,"template":"","meta":{"_acf_changed":false},"product_brand":[],"product_cat":[134,324],"product_tag":[330],"class_list":{"0":"post-28445","1":"product","2":"type-product","3":"status-publish","4":"has-post-thumbnail","6":"product_cat-knygos","7":"product_cat-phaidon","8":"product_tag-phaidon","9":"product_shipping_class-mazas-svoris","11":"first","12":"instock","13":"taxable","14":"shipping-taxable","15":"purchasable","16":"product-type-simple"},"bundled_by":[],"bundle_stock_status":"instock","bundle_stock_quantity":4,"bundle_virtual":false,"bundle_layout":"","bundle_add_to_cart_form_location":"","bundle_editable_in_cart":false,"bundle_sold_individually_context":"","bundle_item_grouping":"","bundle_min_size":"","bundle_max_size":"","bundle_price":[],"bundled_items":[],"bundle_sell_ids":[],"acf":[],"_links":{"self":[{"href":"https:\/\/phono.shop\/en\/wp-json\/wp\/v2\/product\/28445","targetHints":{"allow":["GET"]}}],"collection":[{"href":"https:\/\/phono.shop\/en\/wp-json\/wp\/v2\/product"}],"about":[{"href":"https:\/\/phono.shop\/en\/wp-json\/wp\/v2\/types\/product"}],"wp:featuredmedia":[{"embeddable":true,"href":"https:\/\/phono.shop\/en\/wp-json\/wp\/v2\/media\/28606"}],"wp:attachment":[{"href":"https:\/\/phono.shop\/en\/wp-json\/wp\/v2\/media?parent=28445"}],"wp:term":[{"taxonomy":"product_brand","embeddable":true,"href":"https:\/\/phono.shop\/en\/wp-json\/wp\/v2\/product_brand?post=28445"},{"taxonomy":"product_cat","embeddable":true,"href":"https:\/\/phono.shop\/en\/wp-json\/wp\/v2\/product_cat?post=28445"},{"taxonomy":"product_tag","embeddable":true,"href":"https:\/\/phono.shop\/en\/wp-json\/wp\/v2\/product_tag?post=28445"}],"curies":[{"name":"wp","href":"https:\/\/api.w.org\/{rel}","templated":true}]}}